{"id":214,"date":"2021-01-16T09:46:07","date_gmt":"2021-01-16T09:46:07","guid":{"rendered":"https:\/\/solar4winners.ch\/?page_id=214"},"modified":"2021-01-16T09:49:58","modified_gmt":"2021-01-16T09:49:58","slug":"impressum","status":"publish","type":"page","link":"https:\/\/solar4winners.ch\/index.php\/impressum\/","title":{"rendered":"Impressum"},"content":{"rendered":"\t\t<div data-elementor-type=\"wp-page\" data-elementor-id=\"214\" class=\"elementor elementor-214\">\n\t\t\t\t\t\t<section class=\"elementor-section elementor-top-section elementor-element elementor-element-4e4786e elementor-section-boxed elementor-section-height-default elementor-section-height-default\" data-id=\"4e4786e\" data-element_type=\"section\" data-e-type=\"section\">\n\t\t\t\t\t\t<div class=\"elementor-container elementor-column-gap-default\">\n\t\t\t\t\t<div class=\"elementor-column elementor-col-100 elementor-top-column elementor-element elementor-element-78f9445\" data-id=\"78f9445\" data-element_type=\"column\" data-e-type=\"column\">\n\t\t\t<div class=\"elementor-widget-wrap elementor-element-populated\">\n\t\t\t\t\t\t<div class=\"elementor-element elementor-element-c6c2ade elementor-widget elementor-widget-heading\" data-id=\"c6c2ade\" data-element_type=\"widget\" data-e-type=\"widget\" data-widget_type=\"heading.default\">\n\t\t\t\t<div class=\"elementor-widget-container\">\n\t\t\t\t\t<h1 class=\"elementor-heading-title elementor-size-default\">Impressum<\/h1>\t\t\t\t<\/div>\n\t\t\t\t<\/div>\n\t\t\t\t<div class=\"elementor-element elementor-element-c441a4f elementor-widget elementor-widget-text-editor\" data-id=\"c441a4f\" data-element_type=\"widget\" data-e-type=\"widget\" data-widget_type=\"text-editor.default\">\n\t\t\t\t<div class=\"elementor-widget-container\">\n\t\t\t\t\t\t\t\t\t<p><strong>Firmeninformationen<\/strong><\/p><p>solar4winners<br \/>c\/o Simeon R\u00e4ber<br \/>Herzogstrasse 4<br \/>3400 Burgdorf<\/p><p>\u00a0<\/p><p>simeon.raeber@solar4winners.ch<\/p><p>\u00a0<\/p><p><strong>Haftungsausschluss<\/strong><\/p><p>solar4winners \u00fcbernimmt keinerlei Gew\u00e4hr hinsichtlich der Richtigkeit, Genauigkeit, Aktualit\u00e4t, Zuverl\u00e4ssigkeit und Vollst\u00e4ndigkeit der Inhalte auf dieser Webseite. Alle Angebote sind unverbindlich. solar4winners beh\u00e4lt es sich ausdr\u00fccklich vor, Teile der Seiten oder das gesamte Angebot ohne gesonderte Ank\u00fcndigung zu ver\u00e4ndern, zu erg\u00e4nzen, zu l\u00f6schen oder die Ver\u00f6ffentlichung zeitweise oder endg\u00fcltig einzustellen. Haftungsanspr\u00fcche gegen den Autor wegen Sch\u00e4den materieller oder immaterieller Art, welche aus dem Zugriff oder der Nutzung bzw. Nichtnutzung der ver\u00f6ffentlichten Informationen, durch Missbrauch der Verbindung oder durch technische St\u00f6rungen entstanden sind, werden ausgeschlossen.<\/p><p>\u00a0<\/p><p><strong>Haftung f\u00fcr Links<\/strong><\/p><p>Verweise und Links auf Webseiten Dritter liegen ausserhalb unseres Verantwortungsbereichs. solar4winners lehnt jegliche Verantwortung f\u00fcr solche Webseiten ab. F\u00fcr die Inhalte der verlinkten Seiten ist der jeweilige Anbieter oder Betreiber der Webseite verantwortlich. Der Zugriff und die Nutzung solcher Webseiten erfolgen auf eigene Gefahr des Nutzers oder der Nutzerin.<\/p><p>\u00a0<\/p><p><strong>Geistiges Eigentum<\/strong><\/p><p>S\u00e4mtliche Inhalte dieser Webseite (textlich, akustisch, graphisch etc.), einschliesslich und nicht abschliessend Kopfzeilen, Bilder, Illustrationen, Grafiken, Tondokumente, Videosequenzen und Texte der gezeigten Marken sind geistiges Eigentum von solar4winners oder werden mit Zustimmung der jeweiligen Inhaber auf dieser Webseite abgebildet. Es ist verboten, Inhalte teilweise oder vollst\u00e4ndig zu kopieren, herunterzuladen, zu reproduzieren, zu ver\u00e4ndern, unter eigenem Namen zu ver\u00f6ffentlichen, zu verbreiten, zu \u00fcbermitteln, zu \u00fcbertragen, ohne dass vorg\u00e4ngig die schriftliche Genehmigung von solar4winners eingeholt worden ist.<\/p>\t\t\t\t\t\t\t\t<\/div>\n\t\t\t\t<\/div>\n\t\t\t\t\t<\/div>\n\t\t<\/div>\n\t\t\t\t\t<\/div>\n\t\t<\/section>\n\t\t\t\t<\/div>\n\t\t","protected":false},"excerpt":{"rendered":"<p>Impressum Firmeninformationen solar4winnersc\/o Simeon R\u00e4berHerzogstrasse 43400 Burgdorf \u00a0 simeon.raeber@solar4winners.ch \u00a0 Haftungsausschluss solar4winners \u00fcbernimmt keinerlei Gew\u00e4hr hinsichtlich der Richtigkeit, Genauigkeit, Aktualit\u00e4t, Zuverl\u00e4ssigkeit und Vollst\u00e4ndigkeit der Inhalte auf dieser Webseite. Alle Angebote sind unverbindlich. solar4winners beh\u00e4lt es sich ausdr\u00fccklich vor, Teile der Seiten oder das gesamte Angebot ohne gesonderte Ank\u00fcndigung zu ver\u00e4ndern, zu erg\u00e4nzen, zu l\u00f6schen oderContinue reading &rarr;<\/p>\n","protected":false},"author":2,"featured_media":0,"parent":0,"menu_order":0,"comment_status":"closed","ping_status":"closed","template":"","meta":{"footnotes":""},"class_list":["post-214","page","type-page","status-publish","hentry","no-thumb"],"yoast_head":"<!-- This site is optimized with the Yoast SEO plugin v27.4 - https:\/\/yoast.com\/product\/yoast-seo-wordpress\/ -->\n<title>Impressum - solar4winners<\/title>\n<meta name=\"robots\" content=\"index, follow, max-snippet:-1, max-image-preview:large, max-video-preview:-1\" \/>\n<link rel=\"canonical\" href=\"https:\/\/solar4winners.ch\/index.php\/impressum\/\" \/>\n<meta property=\"og:locale\" content=\"de_DE\" \/>\n<meta property=\"og:type\" content=\"article\" \/>\n<meta property=\"og:title\" content=\"Impressum - solar4winners\" \/>\n<meta property=\"og:description\" content=\"Impressum Firmeninformationen solar4winnersc\/o Simeon R\u00e4berHerzogstrasse 43400 Burgdorf \u00a0 simeon.raeber@solar4winners.ch \u00a0 Haftungsausschluss solar4winners \u00fcbernimmt keinerlei Gew\u00e4hr hinsichtlich der Richtigkeit, Genauigkeit, Aktualit\u00e4t, Zuverl\u00e4ssigkeit und Vollst\u00e4ndigkeit der Inhalte auf dieser Webseite. Alle Angebote sind unverbindlich. solar4winners beh\u00e4lt es sich ausdr\u00fccklich vor, Teile der Seiten oder das gesamte Angebot ohne gesonderte Ank\u00fcndigung zu ver\u00e4ndern, zu erg\u00e4nzen, zu l\u00f6schen oderContinue reading &rarr;\" \/>\n<meta property=\"og:url\" content=\"https:\/\/solar4winners.ch\/index.php\/impressum\/\" \/>\n<meta property=\"og:site_name\" content=\"solar4winners\" \/>\n<meta property=\"article:modified_time\" content=\"2021-01-16T09:49:58+00:00\" \/>\n<meta name=\"twitter:card\" content=\"summary_large_image\" \/>\n<meta name=\"twitter:label1\" content=\"Gesch\u00e4tzte Lesezeit\" \/>\n\t<meta name=\"twitter:data1\" content=\"1\u00a0Minute\" \/>\n<script type=\"application\/ld+json\" class=\"yoast-schema-graph\">{\"@context\":\"https:\\\/\\\/schema.org\",\"@graph\":[{\"@type\":\"WebPage\",\"@id\":\"https:\\\/\\\/solar4winners.ch\\\/index.php\\\/impressum\\\/\",\"url\":\"https:\\\/\\\/solar4winners.ch\\\/index.php\\\/impressum\\\/\",\"name\":\"Impressum - solar4winners\",\"isPartOf\":{\"@id\":\"https:\\\/\\\/solar4winners.ch\\\/#website\"},\"datePublished\":\"2021-01-16T09:46:07+00:00\",\"dateModified\":\"2021-01-16T09:49:58+00:00\",\"breadcrumb\":{\"@id\":\"https:\\\/\\\/solar4winners.ch\\\/index.php\\\/impressum\\\/#breadcrumb\"},\"inLanguage\":\"de\",\"potentialAction\":[{\"@type\":\"ReadAction\",\"target\":[\"https:\\\/\\\/solar4winners.ch\\\/index.php\\\/impressum\\\/\"]}]},{\"@type\":\"BreadcrumbList\",\"@id\":\"https:\\\/\\\/solar4winners.ch\\\/index.php\\\/impressum\\\/#breadcrumb\",\"itemListElement\":[{\"@type\":\"ListItem\",\"position\":1,\"name\":\"Startseite\",\"item\":\"https:\\\/\\\/solar4winners.ch\\\/\"},{\"@type\":\"ListItem\",\"position\":2,\"name\":\"Impressum\"}]},{\"@type\":\"WebSite\",\"@id\":\"https:\\\/\\\/solar4winners.ch\\\/#website\",\"url\":\"https:\\\/\\\/solar4winners.ch\\\/\",\"name\":\"solar4winners\",\"description\":\"Solarbaugenossenschaft\",\"potentialAction\":[{\"@type\":\"SearchAction\",\"target\":{\"@type\":\"EntryPoint\",\"urlTemplate\":\"https:\\\/\\\/solar4winners.ch\\\/?s={search_term_string}\"},\"query-input\":{\"@type\":\"PropertyValueSpecification\",\"valueRequired\":true,\"valueName\":\"search_term_string\"}}],\"inLanguage\":\"de\"}]}<\/script>\n<!-- \/ Yoast SEO plugin. -->","yoast_head_json":{"title":"Impressum - solar4winners","robots":{"index":"index","follow":"follow","max-snippet":"max-snippet:-1","max-image-preview":"max-image-preview:large","max-video-preview":"max-video-preview:-1"},"canonical":"https:\/\/solar4winners.ch\/index.php\/impressum\/","og_locale":"de_DE","og_type":"article","og_title":"Impressum - solar4winners","og_description":"Impressum Firmeninformationen solar4winnersc\/o Simeon R\u00e4berHerzogstrasse 43400 Burgdorf \u00a0 simeon.raeber@solar4winners.ch \u00a0 Haftungsausschluss solar4winners \u00fcbernimmt keinerlei Gew\u00e4hr hinsichtlich der Richtigkeit, Genauigkeit, Aktualit\u00e4t, Zuverl\u00e4ssigkeit und Vollst\u00e4ndigkeit der Inhalte auf dieser Webseite. Alle Angebote sind unverbindlich. solar4winners beh\u00e4lt es sich ausdr\u00fccklich vor, Teile der Seiten oder das gesamte Angebot ohne gesonderte Ank\u00fcndigung zu ver\u00e4ndern, zu erg\u00e4nzen, zu l\u00f6schen oderContinue reading &rarr;","og_url":"https:\/\/solar4winners.ch\/index.php\/impressum\/","og_site_name":"solar4winners","article_modified_time":"2021-01-16T09:49:58+00:00","twitter_card":"summary_large_image","twitter_misc":{"Gesch\u00e4tzte Lesezeit":"1\u00a0Minute"},"schema":{"@context":"https:\/\/schema.org","@graph":[{"@type":"WebPage","@id":"https:\/\/solar4winners.ch\/index.php\/impressum\/","url":"https:\/\/solar4winners.ch\/index.php\/impressum\/","name":"Impressum - solar4winners","isPartOf":{"@id":"https:\/\/solar4winners.ch\/#website"},"datePublished":"2021-01-16T09:46:07+00:00","dateModified":"2021-01-16T09:49:58+00:00","breadcrumb":{"@id":"https:\/\/solar4winners.ch\/index.php\/impressum\/#breadcrumb"},"inLanguage":"de","potentialAction":[{"@type":"ReadAction","target":["https:\/\/solar4winners.ch\/index.php\/impressum\/"]}]},{"@type":"BreadcrumbList","@id":"https:\/\/solar4winners.ch\/index.php\/impressum\/#breadcrumb","itemListElement":[{"@type":"ListItem","position":1,"name":"Startseite","item":"https:\/\/solar4winners.ch\/"},{"@type":"ListItem","position":2,"name":"Impressum"}]},{"@type":"WebSite","@id":"https:\/\/solar4winners.ch\/#website","url":"https:\/\/solar4winners.ch\/","name":"solar4winners","description":"Solarbaugenossenschaft","potentialAction":[{"@type":"SearchAction","target":{"@type":"EntryPoint","urlTemplate":"https:\/\/solar4winners.ch\/?s={search_term_string}"},"query-input":{"@type":"PropertyValueSpecification","valueRequired":true,"valueName":"search_term_string"}}],"inLanguage":"de"}]}},"_links":{"self":[{"href":"https:\/\/solar4winners.ch\/index.php\/wp-json\/wp\/v2\/pages\/214","targetHints":{"allow":["GET"]}}],"collection":[{"href":"https:\/\/solar4winners.ch\/index.php\/wp-json\/wp\/v2\/pages"}],"about":[{"href":"https:\/\/solar4winners.ch\/index.php\/wp-json\/wp\/v2\/types\/page"}],"author":[{"embeddable":true,"href":"https:\/\/solar4winners.ch\/index.php\/wp-json\/wp\/v2\/users\/2"}],"replies":[{"embeddable":true,"href":"https:\/\/solar4winners.ch\/index.php\/wp-json\/wp\/v2\/comments?post=214"}],"version-history":[{"count":6,"href":"https:\/\/solar4winners.ch\/index.php\/wp-json\/wp\/v2\/pages\/214\/revisions"}],"predecessor-version":[{"id":220,"href":"https:\/\/solar4winners.ch\/index.php\/wp-json\/wp\/v2\/pages\/214\/revisions\/220"}],"wp:attachment":[{"href":"https:\/\/solar4winners.ch\/index.php\/wp-json\/wp\/v2\/media?parent=214"}],"curies":[{"name":"wp","href":"https:\/\/api.w.org\/{rel}","templated":true}]}}